{"id":140,"date":"2021-12-29T07:00:10","date_gmt":"2021-12-29T06:00:10","guid":{"rendered":"https:\/\/neppe.awfis.net\/?page_id=140"},"modified":"2022-07-08T09:56:48","modified_gmt":"2022-07-08T07:56:48","slug":"dr-hab-marcin-bialas-prof-awfis","status":"publish","type":"page","link":"https:\/\/neppe.awfis.net\/en\/dr-hab-marcin-bialas-prof-awfis\/","title":{"rendered":"prof. Marcin Bia\u0142as, PhD, assoc. prof. of GUPES\u00a0\u00a0"},"content":{"rendered":"\n<figure class=\"wp-block-table\"><table><tbody><tr><td class=\"has-text-align-center\" data-align=\"center\"><img loading=\"lazy\" decoding=\"async\" width=\"150\" height=\"228\" class=\"wp-image-176\" style=\"width: 150px;\" src=\"https:\/\/neppe.awfis.net\/wp-content\/uploads\/2021\/12\/logo-AWFiS.jpg\" alt=\"\" srcset=\"https:\/\/neppe.awfis.net\/wp-content\/uploads\/2021\/12\/logo-AWFiS.jpg 500w, https:\/\/neppe.awfis.net\/wp-content\/uploads\/2021\/12\/logo-AWFiS-197x300.jpg 197w\" sizes=\"auto, (max-width: 150px) 100vw, 150px\" \/><\/td><td class=\"has-text-align-center\" data-align=\"center\"><img loading=\"lazy\" decoding=\"async\" width=\"250\" height=\"250\" class=\"wp-image-363\" style=\"width: 250px;\" src=\"https:\/\/neppe.awfis.net\/wp-content\/uploads\/2022\/01\/Marcin-Bialas-photo.png\" alt=\"\" srcset=\"https:\/\/neppe.awfis.net\/wp-content\/uploads\/2022\/01\/Marcin-Bialas-photo.png 297w, https:\/\/neppe.awfis.net\/wp-content\/uploads\/2022\/01\/Marcin-Bialas-photo-150x150.png 150w\" sizes=\"auto, (max-width: 250px) 100vw, 250px\" \/><\/td><\/tr><\/tbody><\/table><\/figure>\n\n\n\n<p>Marcin Bia\u0142as (b. 8. December 1970 in Kalisz) \u2013 Polish pedagogue and theologian, habilitated doctor in social sciences and humanities, specialist in the field of surdopedagogy, oligophrenic pedagogy, didactics, history, associate professor at J\u0119drzej \u015aniadecki Academy of Physical Education and Sport in Gda\u0144sk. He obtained his professional experience working as a teacher, pedagogue, school headmaster, lecturer, dean. He is an author of many monographic publications addressing the issue of disabled people unadjusted socially and excluded, and also anthropological and theological conditioning of the process of upbringing. Author of a methodological handbook designated for children with severe prenatal hearing dysfunction. Editor of multi-author publications. Author of Polish and foreign scientific papers. Instructor-translator of the <em>Cued Speech<\/em> method enabling communication with deaf people Awarded with the Silver Medal for Long-time Service given by the President of the Republic of Poland, Medal of the Commission of National Education for special contributions to education and upbringing assigned by the Minister of National Education. Member of the Team of Christian Pedagogy at the Polish Academy of Sciences, Polish Association for Occupational Therapy.\u202f&nbsp;<\/p>\n\n\n\n<figure class=\"wp-block-image size-full\"><img loading=\"lazy\" decoding=\"async\" width=\"1024\" height=\"136\" src=\"https:\/\/neppe.awfis.net\/wp-content\/uploads\/2021\/12\/logo_PO_WER_wersja_polska.jpg\" alt=\"\" class=\"wp-image-98\" srcset=\"https:\/\/neppe.awfis.net\/wp-content\/uploads\/2021\/12\/logo_PO_WER_wersja_polska.jpg 1024w, https:\/\/neppe.awfis.net\/wp-content\/uploads\/2021\/12\/logo_PO_WER_wersja_polska-300x40.jpg 300w, https:\/\/neppe.awfis.net\/wp-content\/uploads\/2021\/12\/logo_PO_WER_wersja_polska-768x102.jpg 768w\" sizes=\"auto, (max-width: 1024px) 100vw, 1024px\" \/><\/figure>\n","protected":false},"excerpt":{"rendered":"<p>Marcin Bia\u0142as (b. 8. December 1970 in Kalisz) \u2013 Polish pedagogue and theologian, habilitated doctor in social sciences and humanities, specialist in the field of surdopedagogy, oligophrenic pedagogy, didactics, history, &#8230;<\/p>\n","protected":false},"author":1,"featured_media":0,"parent":0,"menu_order":0,"comment_status":"closed","ping_status":"closed","template":"","meta":{"footnotes":""},"class_list":["post-140","page","type-page","status-publish","hentry"],"translation":{"provider":"WPGlobus","version":"3.0.2","language":"en","enabled_languages":["pl","en"],"languages":{"pl":{"title":true,"content":true,"excerpt":false},"en":{"title":true,"content":true,"excerpt":false}}},"yoast_head":"<!-- This site is optimized with the Yoast SEO plugin v27.4 - https:\/\/yoast.com\/product\/yoast-seo-wordpress\/ -->\n<title>prof. Marcin Bia\u0142as, PhD, assoc. prof. of GUPES\u00a0\u00a0 -<\/title>\n<meta name=\"robots\" content=\"index, follow, max-snippet:-1, max-image-preview:large, max-video-preview:-1\" \/>\n<link rel=\"canonical\" href=\"https:\/\/neppe.awfis.net\/dr-hab-marcin-bialas-prof-awfis\/\" \/>\n<meta property=\"og:locale\" content=\"en_US\" \/>\n<meta property=\"og:type\" content=\"article\" \/>\n<meta property=\"og:title\" content=\"prof. Marcin Bia\u0142as, PhD, assoc. prof. of GUPES\u00a0\u00a0 -\" \/>\n<meta property=\"og:url\" content=\"https:\/\/neppe.awfis.net\/dr-hab-marcin-bialas-prof-awfis\/\" \/>\n<meta property=\"article:modified_time\" content=\"2022-07-08T07:56:48+00:00\" \/>\n<meta property=\"og:image\" content=\"https:\/\/neppe.awfis.net\/wp-content\/uploads\/2021\/12\/logo-AWFiS.jpg\" \/>\n<meta name=\"twitter:card\" content=\"summary_large_image\" \/>\n<meta name=\"twitter:label1\" content=\"Est. reading time\" \/>\n\t<meta name=\"twitter:data1\" content=\"2 minutes\" \/>\n<script type=\"application\/ld+json\" class=\"yoast-schema-graph\">{\"@context\":\"https:\\\/\\\/schema.org\",\"@graph\":[{\"@type\":\"WebPage\",\"@id\":\"https:\\\/\\\/neppe.awfis.net\\\/dr-hab-marcin-bialas-prof-awfis\\\/\",\"url\":\"https:\\\/\\\/neppe.awfis.net\\\/dr-hab-marcin-bialas-prof-awfis\\\/\",\"name\":\"prof. Marcin Bia\u0142as, PhD, assoc. prof. of GUPES\u00a0\u00a0 -\",\"isPartOf\":{\"@id\":\"https:\\\/\\\/neppe.awfis.net\\\/#website\"},\"primaryImageOfPage\":{\"@id\":\"https:\\\/\\\/neppe.awfis.net\\\/dr-hab-marcin-bialas-prof-awfis\\\/#primaryimage\"},\"image\":{\"@id\":\"https:\\\/\\\/neppe.awfis.net\\\/dr-hab-marcin-bialas-prof-awfis\\\/#primaryimage\"},\"thumbnailUrl\":\"https:\\\/\\\/neppe.awfis.net\\\/wp-content\\\/uploads\\\/2021\\\/12\\\/logo-AWFiS.jpg\",\"datePublished\":\"2021-12-29T06:00:10+00:00\",\"dateModified\":\"2022-07-08T07:56:48+00:00\",\"breadcrumb\":{\"@id\":\"https:\\\/\\\/neppe.awfis.net\\\/dr-hab-marcin-bialas-prof-awfis\\\/#breadcrumb\"},\"inLanguage\":\"en-US\",\"potentialAction\":[{\"@type\":\"ReadAction\",\"target\":[\"https:\\\/\\\/neppe.awfis.net\\\/dr-hab-marcin-bialas-prof-awfis\\\/\"]}]},{\"@type\":\"ImageObject\",\"inLanguage\":\"en-US\",\"@id\":\"https:\\\/\\\/neppe.awfis.net\\\/dr-hab-marcin-bialas-prof-awfis\\\/#primaryimage\",\"url\":\"https:\\\/\\\/neppe.awfis.net\\\/wp-content\\\/uploads\\\/2021\\\/12\\\/logo-AWFiS.jpg\",\"contentUrl\":\"https:\\\/\\\/neppe.awfis.net\\\/wp-content\\\/uploads\\\/2021\\\/12\\\/logo-AWFiS.jpg\"},{\"@type\":\"BreadcrumbList\",\"@id\":\"https:\\\/\\\/neppe.awfis.net\\\/dr-hab-marcin-bialas-prof-awfis\\\/#breadcrumb\",\"itemListElement\":[{\"@type\":\"ListItem\",\"position\":1,\"name\":\"Strona g\u0142\u00f3wna\",\"item\":\"https:\\\/\\\/neppe.awfis.net\\\/\"},{\"@type\":\"ListItem\",\"position\":2,\"name\":\"dr hab. Marcin Bia\u0142as, prof.\u00a0AWFiS\u00a0\"}]},{\"@type\":\"WebSite\",\"@id\":\"https:\\\/\\\/neppe.awfis.net\\\/#website\",\"url\":\"https:\\\/\\\/neppe.awfis.net\\\/\",\"name\":\"\",\"description\":\"\",\"potentialAction\":[{\"@type\":\"SearchAction\",\"target\":{\"@type\":\"EntryPoint\",\"urlTemplate\":\"https:\\\/\\\/neppe.awfis.net\\\/?s={search_term_string}\"},\"query-input\":{\"@type\":\"PropertyValueSpecification\",\"valueRequired\":true,\"valueName\":\"search_term_string\"}}],\"inLanguage\":\"en-US\"}]}<\/script>\n<!-- \/ Yoast SEO plugin. -->","yoast_head_json":{"title":"prof. Marcin Bia\u0142as, PhD, assoc. prof. of GUPES\u00a0\u00a0 -","robots":{"index":"index","follow":"follow","max-snippet":"max-snippet:-1","max-image-preview":"max-image-preview:large","max-video-preview":"max-video-preview:-1"},"canonical":"https:\/\/neppe.awfis.net\/dr-hab-marcin-bialas-prof-awfis\/","og_locale":"en_US","og_type":"article","og_title":"prof. Marcin Bia\u0142as, PhD, assoc. prof. of GUPES\u00a0\u00a0 -","og_url":"https:\/\/neppe.awfis.net\/dr-hab-marcin-bialas-prof-awfis\/","article_modified_time":"2022-07-08T07:56:48+00:00","og_image":[{"url":"https:\/\/neppe.awfis.net\/wp-content\/uploads\/2021\/12\/logo-AWFiS.jpg","type":"","width":"","height":""}],"twitter_card":"summary_large_image","twitter_misc":{"Est. reading time":"2 minutes"},"schema":{"@context":"https:\/\/schema.org","@graph":[{"@type":"WebPage","@id":"https:\/\/neppe.awfis.net\/dr-hab-marcin-bialas-prof-awfis\/","url":"https:\/\/neppe.awfis.net\/dr-hab-marcin-bialas-prof-awfis\/","name":"prof. Marcin Bia\u0142as, PhD, assoc. prof. of GUPES\u00a0\u00a0 -","isPartOf":{"@id":"https:\/\/neppe.awfis.net\/#website"},"primaryImageOfPage":{"@id":"https:\/\/neppe.awfis.net\/dr-hab-marcin-bialas-prof-awfis\/#primaryimage"},"image":{"@id":"https:\/\/neppe.awfis.net\/dr-hab-marcin-bialas-prof-awfis\/#primaryimage"},"thumbnailUrl":"https:\/\/neppe.awfis.net\/wp-content\/uploads\/2021\/12\/logo-AWFiS.jpg","datePublished":"2021-12-29T06:00:10+00:00","dateModified":"2022-07-08T07:56:48+00:00","breadcrumb":{"@id":"https:\/\/neppe.awfis.net\/dr-hab-marcin-bialas-prof-awfis\/#breadcrumb"},"inLanguage":"en-US","potentialAction":[{"@type":"ReadAction","target":["https:\/\/neppe.awfis.net\/dr-hab-marcin-bialas-prof-awfis\/"]}]},{"@type":"ImageObject","inLanguage":"en-US","@id":"https:\/\/neppe.awfis.net\/dr-hab-marcin-bialas-prof-awfis\/#primaryimage","url":"https:\/\/neppe.awfis.net\/wp-content\/uploads\/2021\/12\/logo-AWFiS.jpg","contentUrl":"https:\/\/neppe.awfis.net\/wp-content\/uploads\/2021\/12\/logo-AWFiS.jpg"},{"@type":"BreadcrumbList","@id":"https:\/\/neppe.awfis.net\/dr-hab-marcin-bialas-prof-awfis\/#breadcrumb","itemListElement":[{"@type":"ListItem","position":1,"name":"Strona g\u0142\u00f3wna","item":"https:\/\/neppe.awfis.net\/"},{"@type":"ListItem","position":2,"name":"dr hab. Marcin Bia\u0142as, prof.\u00a0AWFiS\u00a0"}]},{"@type":"WebSite","@id":"https:\/\/neppe.awfis.net\/#website","url":"https:\/\/neppe.awfis.net\/","name":"","description":"","potentialAction":[{"@type":"SearchAction","target":{"@type":"EntryPoint","urlTemplate":"https:\/\/neppe.awfis.net\/?s={search_term_string}"},"query-input":{"@type":"PropertyValueSpecification","valueRequired":true,"valueName":"search_term_string"}}],"inLanguage":"en-US"}]}},"_links":{"self":[{"href":"https:\/\/neppe.awfis.net\/en\/wp-json\/wp\/v2\/pages\/140","targetHints":{"allow":["GET"]}}],"collection":[{"href":"https:\/\/neppe.awfis.net\/en\/wp-json\/wp\/v2\/pages"}],"about":[{"href":"https:\/\/neppe.awfis.net\/en\/wp-json\/wp\/v2\/types\/page"}],"author":[{"embeddable":true,"href":"https:\/\/neppe.awfis.net\/en\/wp-json\/wp\/v2\/users\/1"}],"replies":[{"embeddable":true,"href":"https:\/\/neppe.awfis.net\/en\/wp-json\/wp\/v2\/comments?post=140"}],"version-history":[{"count":9,"href":"https:\/\/neppe.awfis.net\/en\/wp-json\/wp\/v2\/pages\/140\/revisions"}],"predecessor-version":[{"id":836,"href":"https:\/\/neppe.awfis.net\/en\/wp-json\/wp\/v2\/pages\/140\/revisions\/836"}],"wp:attachment":[{"href":"https:\/\/neppe.awfis.net\/en\/wp-json\/wp\/v2\/media?parent=140"}],"curies":[{"name":"wp","href":"https:\/\/api.w.org\/{rel}","templated":true}]}}