{"id":1433,"date":"2023-09-22T12:11:11","date_gmt":"2023-09-22T10:11:11","guid":{"rendered":"https:\/\/neppe.awfis.net\/?page_id=1433"},"modified":"2023-12-20T13:44:55","modified_gmt":"2023-12-20T12:44:55","slug":"publikacje-naukowe","status":"publish","type":"page","link":"https:\/\/neppe.awfis.net\/en\/publikacje-naukowe\/","title":{"rendered":"Scientific papers"},"content":{"rendered":"\n<p><strong>Publication No. 1<\/strong> is a systematic review of the literature on planning and implementing high-intensity interval training (HIIT) programmes for pregnant women.<\/p>\n\n\n\n<p>Szumilewicz, A., Santos-Rocha, R., Worska, A., Piernicka, M., Yu, H., Pajaujiene, S., . . . Oviedo Caro, M. (2022). How to HIIT while pregnant? The protocols characteristics and effects of high intensity interval training implemented during pregnancy &#8211; a systematic review. <em>Baltic Journal of Physical Activity and Health, 14<\/em>(1), 1-16. <a href=\"https:\/\/www.balticsportscience.com\/journal\/vol14\/iss1\/1\/\">doi:https:\/\/doi.org\/ 10.29359\/BJHPA.14.1.01<\/a><\/p>\n\n\n\n<p><strong>Publication No<\/strong>. <strong>2<\/strong> is an analysis of the quality of mobile applications for programming exercises and nutritional programs for pregnant and postpartum women.<\/p>\n\n\n\n<p>Yu, H. L., He, J., Li, K. Q., Qi, W., Lin, J. H., &amp; Szumilewicz, A. (2023). Quality assessment of pre- and postnatal nutrition and exercise mobile applications in the United States and China. <em>Frontiers in Nutrition, 9<\/em>. <a href=\"https:\/\/www.frontiersin.org\/articles\/10.3389\/fnut.2022.942331\/full\">doi:10.3389\/fnut.2022.942331<\/a><\/p>\n\n\n\n<p><strong>Publication No. 3 <\/strong>is a translation and adaptation of the &#8220;Get Active Questionnaire for Pregnancy&#8221; tool, supporting the implementation of physical activity programs during pregnancy.<\/p>\n\n\n\n<p>Szumilewicz et al. Translation and cross-cultural adaptation of the Get Active Questionnaire for Pregnancy (Kwestionariusz \u201cB\u0105d\u017a Aktywna w Ci\u0105\u017cy\u201d) into Polish (Accepted for publication in Polish Gynecology Journal)<\/p>\n\n\n\n<p><a href=\"https:\/\/csep.ca\/2023\/11\/28\/csep-get-active-questionnaire-for-pregnancy-polish\/\">CSEP Get Active Questionnaire for Pregnancy &#8211; Polish &#8211; Canadian Society for Exercise Physiology (CSEP)<\/a><\/p>\n\n\n\n<p><strong>Publication No. 4 <\/strong>is a systematic review of the literature on physical activity during pregnancy in the context of the socio-ecological model with a focus on undertaking strategic promotional activities in this area.<\/p>\n\n\n\n<p>Sun JJ, Piernicka M, Worska A, Szumilewicz A. A socio-ecological model of factors influencing physical activity in pregnant women: a systematic review. Frontiers in Public Health. 2023;11. <a href=\"https:\/\/doi.org\/10.3389\/fpubh.2023.1232625\">doi: 10.3389\/fpubh.2023.1232625<\/a><\/p>\n","protected":false},"excerpt":{"rendered":"<p>Publication No. 1 is a systematic review of the literature on planning and implementing high-intensity interval training (HIIT) programmes for pregnant women. Szumilewicz, A., Santos-Rocha, R., Worska, A., Piernicka, M., &#8230;<\/p>\n","protected":false},"author":1,"featured_media":0,"parent":0,"menu_order":0,"comment_status":"closed","ping_status":"closed","template":"","meta":{"footnotes":""},"class_list":["post-1433","page","type-page","status-publish","hentry"],"translation":{"provider":"WPGlobus","version":"3.0.2","language":"en","enabled_languages":["pl","en"],"languages":{"pl":{"title":true,"content":true,"excerpt":false},"en":{"title":true,"content":true,"excerpt":false}}},"yoast_head":"<!-- This site is optimized with the Yoast SEO plugin v27.4 - https:\/\/yoast.com\/product\/yoast-seo-wordpress\/ -->\n<title>Scientific papers -<\/title>\n<meta name=\"robots\" content=\"index, follow, max-snippet:-1, max-image-preview:large, max-video-preview:-1\" \/>\n<link rel=\"canonical\" href=\"https:\/\/neppe.awfis.net\/publikacje-naukowe\/\" \/>\n<meta property=\"og:locale\" content=\"en_US\" \/>\n<meta property=\"og:type\" content=\"article\" \/>\n<meta property=\"og:title\" content=\"Scientific papers -\" \/>\n<meta property=\"og:url\" content=\"https:\/\/neppe.awfis.net\/publikacje-naukowe\/\" \/>\n<meta property=\"article:modified_time\" content=\"2023-12-20T12:44:55+00:00\" \/>\n<meta name=\"twitter:card\" content=\"summary_large_image\" \/>\n<meta name=\"twitter:label1\" content=\"Est. reading time\" \/>\n\t<meta name=\"twitter:data1\" content=\"2 minutes\" \/>\n<script type=\"application\/ld+json\" class=\"yoast-schema-graph\">{\"@context\":\"https:\\\/\\\/schema.org\",\"@graph\":[{\"@type\":\"WebPage\",\"@id\":\"https:\\\/\\\/neppe.awfis.net\\\/publikacje-naukowe\\\/\",\"url\":\"https:\\\/\\\/neppe.awfis.net\\\/publikacje-naukowe\\\/\",\"name\":\"Scientific papers -\",\"isPartOf\":{\"@id\":\"https:\\\/\\\/neppe.awfis.net\\\/#website\"},\"datePublished\":\"2023-09-22T10:11:11+00:00\",\"dateModified\":\"2023-12-20T12:44:55+00:00\",\"breadcrumb\":{\"@id\":\"https:\\\/\\\/neppe.awfis.net\\\/publikacje-naukowe\\\/#breadcrumb\"},\"inLanguage\":\"en-US\",\"potentialAction\":[{\"@type\":\"ReadAction\",\"target\":[\"https:\\\/\\\/neppe.awfis.net\\\/publikacje-naukowe\\\/\"]}]},{\"@type\":\"BreadcrumbList\",\"@id\":\"https:\\\/\\\/neppe.awfis.net\\\/publikacje-naukowe\\\/#breadcrumb\",\"itemListElement\":[{\"@type\":\"ListItem\",\"position\":1,\"name\":\"Strona g\u0142\u00f3wna\",\"item\":\"https:\\\/\\\/neppe.awfis.net\\\/\"},{\"@type\":\"ListItem\",\"position\":2,\"name\":\"Publikacje naukowe\"}]},{\"@type\":\"WebSite\",\"@id\":\"https:\\\/\\\/neppe.awfis.net\\\/#website\",\"url\":\"https:\\\/\\\/neppe.awfis.net\\\/\",\"name\":\"\",\"description\":\"\",\"potentialAction\":[{\"@type\":\"SearchAction\",\"target\":{\"@type\":\"EntryPoint\",\"urlTemplate\":\"https:\\\/\\\/neppe.awfis.net\\\/?s={search_term_string}\"},\"query-input\":{\"@type\":\"PropertyValueSpecification\",\"valueRequired\":true,\"valueName\":\"search_term_string\"}}],\"inLanguage\":\"en-US\"}]}<\/script>\n<!-- \/ Yoast SEO plugin. -->","yoast_head_json":{"title":"Scientific papers -","robots":{"index":"index","follow":"follow","max-snippet":"max-snippet:-1","max-image-preview":"max-image-preview:large","max-video-preview":"max-video-preview:-1"},"canonical":"https:\/\/neppe.awfis.net\/publikacje-naukowe\/","og_locale":"en_US","og_type":"article","og_title":"Scientific papers -","og_url":"https:\/\/neppe.awfis.net\/publikacje-naukowe\/","article_modified_time":"2023-12-20T12:44:55+00:00","twitter_card":"summary_large_image","twitter_misc":{"Est. reading time":"2 minutes"},"schema":{"@context":"https:\/\/schema.org","@graph":[{"@type":"WebPage","@id":"https:\/\/neppe.awfis.net\/publikacje-naukowe\/","url":"https:\/\/neppe.awfis.net\/publikacje-naukowe\/","name":"Scientific papers -","isPartOf":{"@id":"https:\/\/neppe.awfis.net\/#website"},"datePublished":"2023-09-22T10:11:11+00:00","dateModified":"2023-12-20T12:44:55+00:00","breadcrumb":{"@id":"https:\/\/neppe.awfis.net\/publikacje-naukowe\/#breadcrumb"},"inLanguage":"en-US","potentialAction":[{"@type":"ReadAction","target":["https:\/\/neppe.awfis.net\/publikacje-naukowe\/"]}]},{"@type":"BreadcrumbList","@id":"https:\/\/neppe.awfis.net\/publikacje-naukowe\/#breadcrumb","itemListElement":[{"@type":"ListItem","position":1,"name":"Strona g\u0142\u00f3wna","item":"https:\/\/neppe.awfis.net\/"},{"@type":"ListItem","position":2,"name":"Publikacje naukowe"}]},{"@type":"WebSite","@id":"https:\/\/neppe.awfis.net\/#website","url":"https:\/\/neppe.awfis.net\/","name":"","description":"","potentialAction":[{"@type":"SearchAction","target":{"@type":"EntryPoint","urlTemplate":"https:\/\/neppe.awfis.net\/?s={search_term_string}"},"query-input":{"@type":"PropertyValueSpecification","valueRequired":true,"valueName":"search_term_string"}}],"inLanguage":"en-US"}]}},"_links":{"self":[{"href":"https:\/\/neppe.awfis.net\/en\/wp-json\/wp\/v2\/pages\/1433","targetHints":{"allow":["GET"]}}],"collection":[{"href":"https:\/\/neppe.awfis.net\/en\/wp-json\/wp\/v2\/pages"}],"about":[{"href":"https:\/\/neppe.awfis.net\/en\/wp-json\/wp\/v2\/types\/page"}],"author":[{"embeddable":true,"href":"https:\/\/neppe.awfis.net\/en\/wp-json\/wp\/v2\/users\/1"}],"replies":[{"embeddable":true,"href":"https:\/\/neppe.awfis.net\/en\/wp-json\/wp\/v2\/comments?post=1433"}],"version-history":[{"count":7,"href":"https:\/\/neppe.awfis.net\/en\/wp-json\/wp\/v2\/pages\/1433\/revisions"}],"predecessor-version":[{"id":1852,"href":"https:\/\/neppe.awfis.net\/en\/wp-json\/wp\/v2\/pages\/1433\/revisions\/1852"}],"wp:attachment":[{"href":"https:\/\/neppe.awfis.net\/en\/wp-json\/wp\/v2\/media?parent=1433"}],"curies":[{"name":"wp","href":"https:\/\/api.w.org\/{rel}","templated":true}]}}