{"id":230,"date":"2021-12-29T14:10:48","date_gmt":"2021-12-29T13:10:48","guid":{"rendered":"https:\/\/neppe.awfis.net\/?page_id=230"},"modified":"2021-12-29T17:15:29","modified_gmt":"2021-12-29T16:15:29","slug":"prof-kari-bo","status":"publish","type":"page","link":"https:\/\/neppe.awfis.net\/en\/prof-kari-bo\/","title":{"rendered":"prof. Kari B\u00f8"},"content":{"rendered":"\n<figure class=\"wp-block-table aligncenter\"><table><tbody><tr><td><img loading=\"lazy\" decoding=\"async\" width=\"300\" height=\"91\" class=\"wp-image-128\" style=\"width: 300px;\" src=\"https:\/\/neppe.awfis.net\/wp-content\/uploads\/2021\/12\/NIH.png\" alt=\"\"><\/td><td><img loading=\"lazy\" decoding=\"async\" width=\"350\" height=\"350\" class=\"wp-image-231\" style=\"width: 350px;\" src=\"https:\/\/neppe.awfis.net\/wp-content\/uploads\/2021\/12\/kari_bo_1500x1500.jpg\" alt=\"\" srcset=\"https:\/\/neppe.awfis.net\/wp-content\/uploads\/2021\/12\/kari_bo_1500x1500.jpg 400w, https:\/\/neppe.awfis.net\/wp-content\/uploads\/2021\/12\/kari_bo_1500x1500-300x300.jpg 300w, https:\/\/neppe.awfis.net\/wp-content\/uploads\/2021\/12\/kari_bo_1500x1500-150x150.jpg 150w\" sizes=\"auto, (max-width: 350px) 100vw, 350px\" \/><\/td><\/tr><\/tbody><\/table><figcaption>prof. Kari B\u00f8, Norwegian School of Sport Science, Norwegia<\/figcaption><\/figure>\n\n\n\n<p>Professor, PhD Kari B\u00f8, Norwegian School of Sport Sciences (NIH), Oslo, Norway<\/p>\n\n\n\n<p>Kari B\u00f8 is a trained physical therapist and exercise scientist. She had her PhD (doctor of science) in 1990 and was appointed professor of exercise science in 1997. She was elected pro-rector (vice head) of NIH (a specialized university) 1998-2001 and rector (head) of the NIH 2013-2017. She was the first vice president of the International Organization of Physical Therapists in Women\u2019s Health, WCPT 1999-2007, and has been the vice president of the Norwegian Council for Physical Activity for 8 years, giving direct advice to the Norwegian Minister of Health on physical activity, fitness and health. In addition, professor B\u00f8 has been the vice president of the Norwegian Physiotherapy Association subgroup for Sport Physiotherapy 2003-2007. She holds a 20% position as project leader at Akershus University Hospital, Norway, Department of Obstetrics and Gynecology and is a board member of \u201cThe pelvic floor Center\u201d at the same hospital.<\/p>\n\n\n\n<p>Professor B\u00f8 has published\/in press\/submitted\/in manuscript &gt; 290 peer review scientific papers on pelvic floor dysfunction, treatment of incontinence and low back- and pelvic girdle pain, exercise during pregnancy and after childbirth, diastasis recti abdominis, measurement methodology, fitness and women\u2019s health and has given &gt; 300 invited international keynote presentations worldwide. Her H-factor on Research Gate in June 2020 was 61 and on Web of Science 48. She has supervised 19 completed PhD candidates and numerous master students and has 8 PhD students currently under supervision.<\/p>\n\n\n\n<p>She is an honorary member of the Norwegian Physiotherapy Association&#8217;s Subgroup of Women&#8217;s health, the Brazilian Physiotherapy Association for Women&#8217;s Health and the Chilean Physiotherapy Association for Women&#8217;s Health. In 2014, one of her randomized controlled trials on pelvic floor muscle training was ranked and awarded one of 15 top trials in physiotherapy among &gt;25.000 studies in the PEDro database. In 2015, she was awarded with the Mildred Elson Award, the most prestige&#8217;s award from the World Confederation of Physiotherapy (WCPT), for her contribution to research and education in pelvic floor dysfunction and women&#8217;s health. In 2016 she was awarded the International Continence Society Lifelong Achievement Award for her research and education on the pelvic floor and incontinence. In 2019 she was awarded as an honorary member of the Norwegian Physiotherapy Association for her work for physiotherapy in Norway and worldwide.<\/p>\n\n\n\n<figure class=\"wp-block-image size-full\"><img loading=\"lazy\" decoding=\"async\" width=\"1024\" height=\"136\" src=\"https:\/\/neppe.awfis.net\/wp-content\/uploads\/2021\/12\/logo_PO_WER_wersja_polska.jpg\" alt=\"\" class=\"wp-image-98\" srcset=\"https:\/\/neppe.awfis.net\/wp-content\/uploads\/2021\/12\/logo_PO_WER_wersja_polska.jpg 1024w, https:\/\/neppe.awfis.net\/wp-content\/uploads\/2021\/12\/logo_PO_WER_wersja_polska-300x40.jpg 300w, https:\/\/neppe.awfis.net\/wp-content\/uploads\/2021\/12\/logo_PO_WER_wersja_polska-768x102.jpg 768w\" sizes=\"auto, (max-width: 1024px) 100vw, 1024px\" \/><\/figure>\n","protected":false},"excerpt":{"rendered":"<p>prof. Kari B\u00f8, Norwegian School of Sport Science, Norwegia Professor, PhD Kari B\u00f8, Norwegian School of Sport Sciences (NIH), Oslo, Norway Kari B\u00f8 is a trained physical therapist and exercise &#8230;<\/p>\n","protected":false},"author":1,"featured_media":0,"parent":0,"menu_order":0,"comment_status":"closed","ping_status":"closed","template":"","meta":{"footnotes":""},"class_list":["post-230","page","type-page","status-publish","hentry"],"translation":{"provider":"WPGlobus","version":"3.0.2","language":"en","enabled_languages":["pl","en"],"languages":{"pl":{"title":true,"content":true,"excerpt":false},"en":{"title":false,"content":false,"excerpt":false}}},"yoast_head":"<!-- This site is optimized with the Yoast SEO plugin v27.4 - https:\/\/yoast.com\/product\/yoast-seo-wordpress\/ -->\n<title>prof. Kari B\u00f8 -<\/title>\n<meta name=\"robots\" content=\"index, follow, max-snippet:-1, max-image-preview:large, max-video-preview:-1\" \/>\n<link rel=\"canonical\" href=\"https:\/\/neppe.awfis.net\/prof-kari-bo\/\" \/>\n<meta property=\"og:locale\" content=\"en_US\" \/>\n<meta property=\"og:type\" content=\"article\" \/>\n<meta property=\"og:title\" content=\"prof. Kari B\u00f8 -\" \/>\n<meta property=\"og:url\" content=\"https:\/\/neppe.awfis.net\/prof-kari-bo\/\" \/>\n<meta property=\"article:modified_time\" content=\"2021-12-29T16:15:29+00:00\" \/>\n<meta property=\"og:image\" content=\"https:\/\/neppe.awfis.net\/wp-content\/uploads\/2021\/12\/NIH.png\" \/>\n<meta name=\"twitter:card\" content=\"summary_large_image\" \/>\n<meta name=\"twitter:label1\" content=\"Est. reading time\" \/>\n\t<meta name=\"twitter:data1\" content=\"3 minutes\" \/>\n<script type=\"application\/ld+json\" class=\"yoast-schema-graph\">{\"@context\":\"https:\\\/\\\/schema.org\",\"@graph\":[{\"@type\":\"WebPage\",\"@id\":\"https:\\\/\\\/neppe.awfis.net\\\/prof-kari-bo\\\/\",\"url\":\"https:\\\/\\\/neppe.awfis.net\\\/prof-kari-bo\\\/\",\"name\":\"prof. Kari B\u00f8 -\",\"isPartOf\":{\"@id\":\"https:\\\/\\\/neppe.awfis.net\\\/#website\"},\"primaryImageOfPage\":{\"@id\":\"https:\\\/\\\/neppe.awfis.net\\\/prof-kari-bo\\\/#primaryimage\"},\"image\":{\"@id\":\"https:\\\/\\\/neppe.awfis.net\\\/prof-kari-bo\\\/#primaryimage\"},\"thumbnailUrl\":\"https:\\\/\\\/neppe.awfis.net\\\/wp-content\\\/uploads\\\/2021\\\/12\\\/NIH.png\",\"datePublished\":\"2021-12-29T13:10:48+00:00\",\"dateModified\":\"2021-12-29T16:15:29+00:00\",\"breadcrumb\":{\"@id\":\"https:\\\/\\\/neppe.awfis.net\\\/prof-kari-bo\\\/#breadcrumb\"},\"inLanguage\":\"en-US\",\"potentialAction\":[{\"@type\":\"ReadAction\",\"target\":[\"https:\\\/\\\/neppe.awfis.net\\\/prof-kari-bo\\\/\"]}]},{\"@type\":\"ImageObject\",\"inLanguage\":\"en-US\",\"@id\":\"https:\\\/\\\/neppe.awfis.net\\\/prof-kari-bo\\\/#primaryimage\",\"url\":\"https:\\\/\\\/neppe.awfis.net\\\/wp-content\\\/uploads\\\/2021\\\/12\\\/NIH.png\",\"contentUrl\":\"https:\\\/\\\/neppe.awfis.net\\\/wp-content\\\/uploads\\\/2021\\\/12\\\/NIH.png\"},{\"@type\":\"BreadcrumbList\",\"@id\":\"https:\\\/\\\/neppe.awfis.net\\\/prof-kari-bo\\\/#breadcrumb\",\"itemListElement\":[{\"@type\":\"ListItem\",\"position\":1,\"name\":\"Strona g\u0142\u00f3wna\",\"item\":\"https:\\\/\\\/neppe.awfis.net\\\/\"},{\"@type\":\"ListItem\",\"position\":2,\"name\":\"prof. Kari B\u00f8\"}]},{\"@type\":\"WebSite\",\"@id\":\"https:\\\/\\\/neppe.awfis.net\\\/#website\",\"url\":\"https:\\\/\\\/neppe.awfis.net\\\/\",\"name\":\"\",\"description\":\"\",\"potentialAction\":[{\"@type\":\"SearchAction\",\"target\":{\"@type\":\"EntryPoint\",\"urlTemplate\":\"https:\\\/\\\/neppe.awfis.net\\\/?s={search_term_string}\"},\"query-input\":{\"@type\":\"PropertyValueSpecification\",\"valueRequired\":true,\"valueName\":\"search_term_string\"}}],\"inLanguage\":\"en-US\"}]}<\/script>\n<!-- \/ Yoast SEO plugin. -->","yoast_head_json":{"title":"prof. Kari B\u00f8 -","robots":{"index":"index","follow":"follow","max-snippet":"max-snippet:-1","max-image-preview":"max-image-preview:large","max-video-preview":"max-video-preview:-1"},"canonical":"https:\/\/neppe.awfis.net\/prof-kari-bo\/","og_locale":"en_US","og_type":"article","og_title":"prof. Kari B\u00f8 -","og_url":"https:\/\/neppe.awfis.net\/prof-kari-bo\/","article_modified_time":"2021-12-29T16:15:29+00:00","og_image":[{"url":"https:\/\/neppe.awfis.net\/wp-content\/uploads\/2021\/12\/NIH.png","type":"","width":"","height":""}],"twitter_card":"summary_large_image","twitter_misc":{"Est. reading time":"3 minutes"},"schema":{"@context":"https:\/\/schema.org","@graph":[{"@type":"WebPage","@id":"https:\/\/neppe.awfis.net\/prof-kari-bo\/","url":"https:\/\/neppe.awfis.net\/prof-kari-bo\/","name":"prof. Kari B\u00f8 -","isPartOf":{"@id":"https:\/\/neppe.awfis.net\/#website"},"primaryImageOfPage":{"@id":"https:\/\/neppe.awfis.net\/prof-kari-bo\/#primaryimage"},"image":{"@id":"https:\/\/neppe.awfis.net\/prof-kari-bo\/#primaryimage"},"thumbnailUrl":"https:\/\/neppe.awfis.net\/wp-content\/uploads\/2021\/12\/NIH.png","datePublished":"2021-12-29T13:10:48+00:00","dateModified":"2021-12-29T16:15:29+00:00","breadcrumb":{"@id":"https:\/\/neppe.awfis.net\/prof-kari-bo\/#breadcrumb"},"inLanguage":"en-US","potentialAction":[{"@type":"ReadAction","target":["https:\/\/neppe.awfis.net\/prof-kari-bo\/"]}]},{"@type":"ImageObject","inLanguage":"en-US","@id":"https:\/\/neppe.awfis.net\/prof-kari-bo\/#primaryimage","url":"https:\/\/neppe.awfis.net\/wp-content\/uploads\/2021\/12\/NIH.png","contentUrl":"https:\/\/neppe.awfis.net\/wp-content\/uploads\/2021\/12\/NIH.png"},{"@type":"BreadcrumbList","@id":"https:\/\/neppe.awfis.net\/prof-kari-bo\/#breadcrumb","itemListElement":[{"@type":"ListItem","position":1,"name":"Strona g\u0142\u00f3wna","item":"https:\/\/neppe.awfis.net\/"},{"@type":"ListItem","position":2,"name":"prof. Kari B\u00f8"}]},{"@type":"WebSite","@id":"https:\/\/neppe.awfis.net\/#website","url":"https:\/\/neppe.awfis.net\/","name":"","description":"","potentialAction":[{"@type":"SearchAction","target":{"@type":"EntryPoint","urlTemplate":"https:\/\/neppe.awfis.net\/?s={search_term_string}"},"query-input":{"@type":"PropertyValueSpecification","valueRequired":true,"valueName":"search_term_string"}}],"inLanguage":"en-US"}]}},"_links":{"self":[{"href":"https:\/\/neppe.awfis.net\/en\/wp-json\/wp\/v2\/pages\/230","targetHints":{"allow":["GET"]}}],"collection":[{"href":"https:\/\/neppe.awfis.net\/en\/wp-json\/wp\/v2\/pages"}],"about":[{"href":"https:\/\/neppe.awfis.net\/en\/wp-json\/wp\/v2\/types\/page"}],"author":[{"embeddable":true,"href":"https:\/\/neppe.awfis.net\/en\/wp-json\/wp\/v2\/users\/1"}],"replies":[{"embeddable":true,"href":"https:\/\/neppe.awfis.net\/en\/wp-json\/wp\/v2\/comments?post=230"}],"version-history":[{"count":3,"href":"https:\/\/neppe.awfis.net\/en\/wp-json\/wp\/v2\/pages\/230\/revisions"}],"predecessor-version":[{"id":276,"href":"https:\/\/neppe.awfis.net\/en\/wp-json\/wp\/v2\/pages\/230\/revisions\/276"}],"wp:attachment":[{"href":"https:\/\/neppe.awfis.net\/en\/wp-json\/wp\/v2\/media?parent=230"}],"curies":[{"name":"wp","href":"https:\/\/api.w.org\/{rel}","templated":true}]}}