{"id":308,"date":"2021-12-30T06:33:10","date_gmt":"2021-12-30T05:33:10","guid":{"rendered":"https:\/\/neppe.awfis.net\/?page_id=308"},"modified":"2022-01-18T15:48:17","modified_gmt":"2022-01-18T14:48:17","slug":"hiit%e2%80%afmama","status":"publish","type":"page","link":"https:\/\/neppe.awfis.net\/en\/hiit%e2%80%afmama\/","title":{"rendered":"HIIT Mama Experimental and Educational Project"},"content":{"rendered":"\n<figure class=\"wp-block-table\"><table><tbody><tr><td class=\"has-text-align-center\" data-align=\"center\"><img loading=\"lazy\" decoding=\"async\" width=\"250\" height=\"141\" class=\"wp-image-296\" style=\"width: 250px;\" src=\"https:\/\/neppe.awfis.net\/wp-content\/uploads\/2021\/12\/logo-HIIT-Mama.jpg\" alt=\"\" srcset=\"https:\/\/neppe.awfis.net\/wp-content\/uploads\/2021\/12\/logo-HIIT-Mama.jpg 1280w, https:\/\/neppe.awfis.net\/wp-content\/uploads\/2021\/12\/logo-HIIT-Mama-300x169.jpg 300w, https:\/\/neppe.awfis.net\/wp-content\/uploads\/2021\/12\/logo-HIIT-Mama-1024x576.jpg 1024w, https:\/\/neppe.awfis.net\/wp-content\/uploads\/2021\/12\/logo-HIIT-Mama-768x432.jpg 768w\" sizes=\"auto, (max-width: 250px) 100vw, 250px\" \/><\/td><td class=\"has-text-align-center\" data-align=\"center\"><img loading=\"lazy\" decoding=\"async\" width=\"200\" height=\"304\" class=\"wp-image-176\" style=\"width: 200px;\" src=\"https:\/\/neppe.awfis.net\/wp-content\/uploads\/2021\/12\/logo-AWFiS.jpg\" alt=\"\" srcset=\"https:\/\/neppe.awfis.net\/wp-content\/uploads\/2021\/12\/logo-AWFiS.jpg 500w, https:\/\/neppe.awfis.net\/wp-content\/uploads\/2021\/12\/logo-AWFiS-197x300.jpg 197w\" sizes=\"auto, (max-width: 200px) 100vw, 200px\" \/><\/td><\/tr><\/tbody><\/table><\/figure>\n\n\n\n<p>Research, training and educational project, entitled &#8221; The Effect of Pre- and Postnatal High Intensity Interval Training (HIIT) and Moderate Intensity Continuous Training (MICT) on Biological, Functional and Psychological Markers of Pregnancy Disorders and Non-communicable Diseases in Mothers and Offsprings&#8221;, is implemented at Gdansk University of Physical Education and Sport Poland.&nbsp;<\/p>\n\n\n\n<p>In recent years, a great deal of research has been published proving that regular exercise during the perinatal period leads to health benefits for mother and baby. Nevertheless, the results of these studies mainly focus on low to moderate intensity exercise.&nbsp;&nbsp;<\/p>\n\n\n\n<p>Thanks to the parallel implementation of the HIIT and MICT training programmes carried out in pregnant and postpartum women, we will answer the so far open question to what extent the level of exercise intensity in the perinatal period is important in maintaining the proper course of pregnancy, childbirth and puerperium, and the health of children. Following a holistic approach to health, in cooperation with experts from other scientific disciplines, we analyse selected biological, functional and psychological parameters of women. We examine the post-exercise changes at the physiological, biochemical and molecular levels. The subject of the analysis is both the immediate effects of a single exercise session and the long-term effects following the completion of individual meso- and macrocycles of special HIIT and MICT programmes.&nbsp;&nbsp;<\/p>\n\n\n\n<p>The &#8220;HIIT Mama&#8221; programme is based on many years of scientific research and practical experience from the FemFit project, conducted at AWFiS as part of extensive international cooperation. We implement the HIIT Mama project in accordance with the guidelines of the World Health Organization (WHO, 2020) and the American College of Obstetricians and Gynecologists (ACOG, 2020) on physical activity in pregnant and postpartum women.&nbsp;<\/p>\n\n\n\n<p>The project is coordinated by dr hab. Anna Szumilewicz, prof. AWFiS&nbsp;<\/p>\n\n\n\n<p>Project time framework: January 2021 \u2013 August 2031&nbsp;<\/p>\n\n\n\n<p>Approval of the Bioethics Committee at the Regional Medical Chamber in Gda\u0144sk No. KB &#8211; 8\/21&nbsp;<\/p>\n\n\n\n<p>Registration in the International Registry of Clinical Trials:&nbsp;<\/p>\n\n\n\n<p><a href=\"https:\/\/www.clinicaltrials.gov\/ct2\/show\/NCT05009433\" target=\"_blank\" rel=\"noreferrer noopener\">HIIT vs MICT During Pregnancy and Health and Birth Outcomes in Mothers and Children &#8211; Full Text View &#8211; ClinicalTrials.gov<\/a><strong><\/strong>&nbsp;<\/p>\n\n\n\n<p><strong>More about the research methodology:<\/strong>&nbsp;<\/p>\n\n\n\n<p><a href=\"https:\/\/www.youtube.com\/watch?v=eudoIXssD2I\" target=\"_blank\" rel=\"noreferrer noopener\">HIIT Mama 2021 [HD] &#8211; YouTube<\/a><strong><\/strong>&nbsp;<\/p>\n\n\n\n<p><a href=\"https:\/\/www.youtube.com\/watch?v=6rtVu3J3Zv0\" target=\"_blank\" rel=\"noreferrer noopener\">HIIT Mama &#8211; AWFiS zaprasza kobiety w ci\u0105\u017cy do bezp\u0142atnego programu diagnostyczno-edukacyjnego &#8211; YouTube<\/a>&nbsp;&nbsp;<\/p>\n\n\n\n<p>(AWFiS invites pregnant women to a free diagnostic and educational programme)&nbsp;<\/p>\n\n\n\n<p>Part of the tasks of the HIIT Mama project is carried out as the project &#8220;The impact of health-promoting high-intensity interval exercises (HIIT) on changes in the level of irisin and other selected markers of carbohydrate and lipid homeostasis in pregnant women&#8221;, co-financed by the National Science Centre as part of the Miniatura competition (15.12.2021- 14.12.2022)<strong>.&nbsp;<\/strong>&nbsp;<\/p>\n","protected":false},"excerpt":{"rendered":"<p>Research, training and educational project, entitled &#8221; The Effect of Pre- and Postnatal High Intensity Interval Training (HIIT) and Moderate Intensity Continuous Training (MICT) on Biological, Functional and Psychological Markers &#8230;<\/p>\n","protected":false},"author":1,"featured_media":0,"parent":0,"menu_order":0,"comment_status":"closed","ping_status":"closed","template":"","meta":{"footnotes":""},"class_list":["post-308","page","type-page","status-publish","hentry"],"translation":{"provider":"WPGlobus","version":"3.0.2","language":"en","enabled_languages":["pl","en"],"languages":{"pl":{"title":true,"content":true,"excerpt":false},"en":{"title":true,"content":true,"excerpt":false}}},"yoast_head":"<!-- This site is optimized with the Yoast SEO plugin v27.4 - https:\/\/yoast.com\/product\/yoast-seo-wordpress\/ -->\n<title>HIIT Mama Experimental and Educational Project -<\/title>\n<meta name=\"robots\" content=\"index, follow, max-snippet:-1, max-image-preview:large, max-video-preview:-1\" \/>\n<link rel=\"canonical\" href=\"https:\/\/neppe.awfis.net\/hiit\u202fmama\/\" \/>\n<meta property=\"og:locale\" content=\"en_US\" \/>\n<meta property=\"og:type\" content=\"article\" \/>\n<meta property=\"og:title\" content=\"HIIT Mama Experimental and Educational Project -\" \/>\n<meta property=\"og:url\" content=\"https:\/\/neppe.awfis.net\/hiit\u202fmama\/\" \/>\n<meta property=\"article:modified_time\" content=\"2022-01-18T14:48:17+00:00\" \/>\n<meta property=\"og:image\" content=\"https:\/\/neppe.awfis.net\/wp-content\/uploads\/2021\/12\/logo-HIIT-Mama.jpg\" \/>\n<meta name=\"twitter:card\" content=\"summary_large_image\" \/>\n<meta name=\"twitter:label1\" content=\"Est. reading time\" \/>\n\t<meta name=\"twitter:data1\" content=\"4 minutes\" \/>\n<script type=\"application\/ld+json\" class=\"yoast-schema-graph\">{\"@context\":\"https:\\\/\\\/schema.org\",\"@graph\":[{\"@type\":\"WebPage\",\"@id\":\"https:\\\/\\\/neppe.awfis.net\\\/hiit%e2%80%afmama\\\/\",\"url\":\"https:\\\/\\\/neppe.awfis.net\\\/hiit%e2%80%afmama\\\/\",\"name\":\"HIIT Mama Experimental and Educational Project -\",\"isPartOf\":{\"@id\":\"https:\\\/\\\/neppe.awfis.net\\\/#website\"},\"primaryImageOfPage\":{\"@id\":\"https:\\\/\\\/neppe.awfis.net\\\/hiit%e2%80%afmama\\\/#primaryimage\"},\"image\":{\"@id\":\"https:\\\/\\\/neppe.awfis.net\\\/hiit%e2%80%afmama\\\/#primaryimage\"},\"thumbnailUrl\":\"https:\\\/\\\/neppe.awfis.net\\\/wp-content\\\/uploads\\\/2021\\\/12\\\/logo-HIIT-Mama.jpg\",\"datePublished\":\"2021-12-30T05:33:10+00:00\",\"dateModified\":\"2022-01-18T14:48:17+00:00\",\"breadcrumb\":{\"@id\":\"https:\\\/\\\/neppe.awfis.net\\\/hiit%e2%80%afmama\\\/#breadcrumb\"},\"inLanguage\":\"en-US\",\"potentialAction\":[{\"@type\":\"ReadAction\",\"target\":[\"https:\\\/\\\/neppe.awfis.net\\\/hiit%e2%80%afmama\\\/\"]}]},{\"@type\":\"ImageObject\",\"inLanguage\":\"en-US\",\"@id\":\"https:\\\/\\\/neppe.awfis.net\\\/hiit%e2%80%afmama\\\/#primaryimage\",\"url\":\"https:\\\/\\\/neppe.awfis.net\\\/wp-content\\\/uploads\\\/2021\\\/12\\\/logo-HIIT-Mama.jpg\",\"contentUrl\":\"https:\\\/\\\/neppe.awfis.net\\\/wp-content\\\/uploads\\\/2021\\\/12\\\/logo-HIIT-Mama.jpg\"},{\"@type\":\"BreadcrumbList\",\"@id\":\"https:\\\/\\\/neppe.awfis.net\\\/hiit%e2%80%afmama\\\/#breadcrumb\",\"itemListElement\":[{\"@type\":\"ListItem\",\"position\":1,\"name\":\"Strona g\u0142\u00f3wna\",\"item\":\"https:\\\/\\\/neppe.awfis.net\\\/\"},{\"@type\":\"ListItem\",\"position\":2,\"name\":\"HIIT\u202fMama\"}]},{\"@type\":\"WebSite\",\"@id\":\"https:\\\/\\\/neppe.awfis.net\\\/#website\",\"url\":\"https:\\\/\\\/neppe.awfis.net\\\/\",\"name\":\"\",\"description\":\"\",\"potentialAction\":[{\"@type\":\"SearchAction\",\"target\":{\"@type\":\"EntryPoint\",\"urlTemplate\":\"https:\\\/\\\/neppe.awfis.net\\\/?s={search_term_string}\"},\"query-input\":{\"@type\":\"PropertyValueSpecification\",\"valueRequired\":true,\"valueName\":\"search_term_string\"}}],\"inLanguage\":\"en-US\"}]}<\/script>\n<!-- \/ Yoast SEO plugin. -->","yoast_head_json":{"title":"HIIT Mama Experimental and Educational Project -","robots":{"index":"index","follow":"follow","max-snippet":"max-snippet:-1","max-image-preview":"max-image-preview:large","max-video-preview":"max-video-preview:-1"},"canonical":"https:\/\/neppe.awfis.net\/hiit\u202fmama\/","og_locale":"en_US","og_type":"article","og_title":"HIIT Mama Experimental and Educational Project -","og_url":"https:\/\/neppe.awfis.net\/hiit\u202fmama\/","article_modified_time":"2022-01-18T14:48:17+00:00","og_image":[{"url":"https:\/\/neppe.awfis.net\/wp-content\/uploads\/2021\/12\/logo-HIIT-Mama.jpg","type":"","width":"","height":""}],"twitter_card":"summary_large_image","twitter_misc":{"Est. reading time":"4 minutes"},"schema":{"@context":"https:\/\/schema.org","@graph":[{"@type":"WebPage","@id":"https:\/\/neppe.awfis.net\/hiit%e2%80%afmama\/","url":"https:\/\/neppe.awfis.net\/hiit%e2%80%afmama\/","name":"HIIT Mama Experimental and Educational Project -","isPartOf":{"@id":"https:\/\/neppe.awfis.net\/#website"},"primaryImageOfPage":{"@id":"https:\/\/neppe.awfis.net\/hiit%e2%80%afmama\/#primaryimage"},"image":{"@id":"https:\/\/neppe.awfis.net\/hiit%e2%80%afmama\/#primaryimage"},"thumbnailUrl":"https:\/\/neppe.awfis.net\/wp-content\/uploads\/2021\/12\/logo-HIIT-Mama.jpg","datePublished":"2021-12-30T05:33:10+00:00","dateModified":"2022-01-18T14:48:17+00:00","breadcrumb":{"@id":"https:\/\/neppe.awfis.net\/hiit%e2%80%afmama\/#breadcrumb"},"inLanguage":"en-US","potentialAction":[{"@type":"ReadAction","target":["https:\/\/neppe.awfis.net\/hiit%e2%80%afmama\/"]}]},{"@type":"ImageObject","inLanguage":"en-US","@id":"https:\/\/neppe.awfis.net\/hiit%e2%80%afmama\/#primaryimage","url":"https:\/\/neppe.awfis.net\/wp-content\/uploads\/2021\/12\/logo-HIIT-Mama.jpg","contentUrl":"https:\/\/neppe.awfis.net\/wp-content\/uploads\/2021\/12\/logo-HIIT-Mama.jpg"},{"@type":"BreadcrumbList","@id":"https:\/\/neppe.awfis.net\/hiit%e2%80%afmama\/#breadcrumb","itemListElement":[{"@type":"ListItem","position":1,"name":"Strona g\u0142\u00f3wna","item":"https:\/\/neppe.awfis.net\/"},{"@type":"ListItem","position":2,"name":"HIIT\u202fMama"}]},{"@type":"WebSite","@id":"https:\/\/neppe.awfis.net\/#website","url":"https:\/\/neppe.awfis.net\/","name":"","description":"","potentialAction":[{"@type":"SearchAction","target":{"@type":"EntryPoint","urlTemplate":"https:\/\/neppe.awfis.net\/?s={search_term_string}"},"query-input":{"@type":"PropertyValueSpecification","valueRequired":true,"valueName":"search_term_string"}}],"inLanguage":"en-US"}]}},"_links":{"self":[{"href":"https:\/\/neppe.awfis.net\/en\/wp-json\/wp\/v2\/pages\/308","targetHints":{"allow":["GET"]}}],"collection":[{"href":"https:\/\/neppe.awfis.net\/en\/wp-json\/wp\/v2\/pages"}],"about":[{"href":"https:\/\/neppe.awfis.net\/en\/wp-json\/wp\/v2\/types\/page"}],"author":[{"embeddable":true,"href":"https:\/\/neppe.awfis.net\/en\/wp-json\/wp\/v2\/users\/1"}],"replies":[{"embeddable":true,"href":"https:\/\/neppe.awfis.net\/en\/wp-json\/wp\/v2\/comments?post=308"}],"version-history":[{"count":5,"href":"https:\/\/neppe.awfis.net\/en\/wp-json\/wp\/v2\/pages\/308\/revisions"}],"predecessor-version":[{"id":464,"href":"https:\/\/neppe.awfis.net\/en\/wp-json\/wp\/v2\/pages\/308\/revisions\/464"}],"wp:attachment":[{"href":"https:\/\/neppe.awfis.net\/en\/wp-json\/wp\/v2\/media?parent=308"}],"curies":[{"name":"wp","href":"https:\/\/api.w.org\/{rel}","templated":true}]}}