{"id":35,"date":"2021-12-28T17:10:08","date_gmt":"2021-12-28T16:10:08","guid":{"rendered":"https:\/\/neppe.awfis.net\/?page_id=35"},"modified":"2022-11-15T17:56:21","modified_gmt":"2022-11-15T16:56:21","slug":"kontakt","status":"publish","type":"page","link":"https:\/\/neppe.awfis.net\/en\/kontakt\/","title":{"rendered":"CONTACT"},"content":{"rendered":"\n<p>If you have any questions, please fill out the contact form or email us at: <a href=\"mailto:info.neppe@awf.gda.pl\">info.neppe@awf.gda.pl<\/a><\/p>\n\n\n\n<p>Projekt Coordinator:&nbsp;&nbsp;<\/p>\n\n\n\n<p>dr Anna Szumilewicz, PhD, associate professor of GUPES&nbsp;<\/p>\n\n\n\n<p><a href=\"mailto:anna.szumilewicz@awf.gda.pl\" target=\"_blank\" rel=\"noreferrer noopener\">anna.szumilewicz@awf.gda.pl<\/a>&nbsp;<\/p>\n\n\n\n<p>tel. + 48 784\u202f546 256\u00a0<\/p>\n\n\n\n<p><br><\/p>\n\n\n\n<div class=\"forminator-guttenberg\"><div class=\"forminator-ui forminator-custom-form forminator-custom-form-1049 forminator-design--default  forminator_ajax\" data-forminator-render=\"0\" data-form=\"forminator-module-1049\" data-uid=\"69e5094cb0c5f\"><br\/><\/div><form\n\t\t\t\tid=\"forminator-module-1049\"\n\t\t\t\tclass=\"forminator-ui forminator-custom-form forminator-custom-form-1049 forminator-design--default  forminator_ajax\"\n\t\t\t\tmethod=\"post\"\n\t\t\t\tdata-forminator-render=\"0\"\n\t\t\t\tdata-form-id=\"1049\"\n\t\t\t\t data-color-option=\"default\" data-design=\"default\" data-grid=\"open\" style=\"display: none;\"\n\t\t\t\tdata-uid=\"69e5094cb0c5f\"\n\t\t\t><div role=\"alert\" aria-live=\"polite\" class=\"forminator-response-message forminator-error\" aria-hidden=\"true\"><\/div><div class=\"forminator-row\"><div id=\"name-1\" class=\"forminator-field-name forminator-col forminator-col-12 \"><div class=\"forminator-field\"><label for=\"forminator-field-name-1_69e5094cb0c5f\" id=\"forminator-field-name-1_69e5094cb0c5f-label\" class=\"forminator-label\">Name <span class=\"forminator-required\">*<\/span><\/label><input type=\"text\" name=\"name-1\" value=\"\" placeholder=\"\" id=\"forminator-field-name-1_69e5094cb0c5f\" class=\"forminator-input forminator-name--field\" aria-required=\"true\" autocomplete=\"name\" \/><\/div><\/div><\/div><div class=\"forminator-row\"><div id=\"email-1\" class=\"forminator-field-email forminator-col forminator-col-12 \"><div class=\"forminator-field\"><label for=\"forminator-field-email-1_69e5094cb0c5f\" id=\"forminator-field-email-1_69e5094cb0c5f-label\" class=\"forminator-label\">E-mail adress <span class=\"forminator-required\">*<\/span><\/label><input type=\"email\" name=\"email-1\" value=\"\" placeholder=\"\" id=\"forminator-field-email-1_69e5094cb0c5f\" class=\"forminator-input forminator-email--field\" data-required=\"true\" aria-required=\"true\" autocomplete=\"email\" \/><\/div><\/div><\/div><div class=\"forminator-row\"><div id=\"phone-1\" class=\"forminator-field-phone forminator-col forminator-col-12 \"><div class=\"forminator-field\"><label for=\"forminator-field-phone-1_69e5094cb0c5f\" id=\"forminator-field-phone-1_69e5094cb0c5f-label\" class=\"forminator-label\">Phone number<\/label><input type=\"text\" name=\"phone-1\" value=\"\" placeholder=\"\" id=\"forminator-field-phone-1_69e5094cb0c5f\" class=\"forminator-input forminator-field--phone\" data-required=\"\" aria-required=\"false\" autocomplete=\"off\" \/><\/div><\/div><\/div><div class=\"forminator-row\"><div id=\"textarea-1\" class=\"forminator-field-textarea forminator-col forminator-col-12 \"><div class=\"forminator-field\"><label for=\"forminator-field-textarea-1_69e5094cb0c5f\" id=\"forminator-field-textarea-1_69e5094cb0c5f-label\" class=\"forminator-label\">Message<\/label><textarea name=\"textarea-1\" placeholder=\"\" id=\"forminator-field-textarea-1_69e5094cb0c5f\" class=\"forminator-textarea\" rows=\"6\" style=\"min-height:140px;\" maxlength=\"180\" ><\/textarea><span id=\"forminator-field-textarea-1_69e5094cb0c5f-description\" class=\"forminator-description\"><span data-limit=\"180\" data-type=\"characters\" data-editor=\"\">0 \/ 180<\/span><\/span><\/div><\/div><\/div><input type=\"hidden\" name=\"referer_url\" value=\"\" \/><div class=\"forminator-row forminator-row-last\"><div class=\"forminator-col\"><div class=\"forminator-field\"><button class=\"forminator-button forminator-button-submit\">Wy\u015blij wiadomo\u015b\u0107<\/button><\/div><\/div><\/div><input type=\"hidden\" id=\"forminator_nonce\" name=\"forminator_nonce\" value=\"db311db2f3\" \/><input type=\"hidden\" name=\"_wp_http_referer\" value=\"\/en\/wp-json\/wp\/v2\/pages\/35\" \/><input type=\"hidden\" name=\"form_id\" value=\"1049\"><input type=\"hidden\" name=\"page_id\" value=\"35\"><input type=\"hidden\" name=\"form_type\" value=\"default\"><input type=\"hidden\" name=\"current_url\" value=\"https:\/\/neppe.awfis.net\/en\/kontakt\/\"><input type=\"hidden\" name=\"render_id\" value=\"0\"><input type=\"hidden\" name=\"action\" value=\"forminator_submit_form_custom-forms\"><\/form><\/div>\n\n\n\n<figure class=\"wp-block-image size-full\"><img loading=\"lazy\" decoding=\"async\" width=\"1024\" height=\"136\" src=\"https:\/\/neppe.awfis.net\/wp-content\/uploads\/2021\/12\/logo_PO_WER_wersja_polska.jpg\" alt=\"\" class=\"wp-image-98\" srcset=\"https:\/\/neppe.awfis.net\/wp-content\/uploads\/2021\/12\/logo_PO_WER_wersja_polska.jpg 1024w, https:\/\/neppe.awfis.net\/wp-content\/uploads\/2021\/12\/logo_PO_WER_wersja_polska-300x40.jpg 300w, https:\/\/neppe.awfis.net\/wp-content\/uploads\/2021\/12\/logo_PO_WER_wersja_polska-768x102.jpg 768w\" sizes=\"auto, (max-width: 1024px) 100vw, 1024px\" \/><\/figure>\n","protected":false},"excerpt":{"rendered":"<p>If you have any questions, please fill out the contact form or email us at: info.neppe@awf.gda.pl Projekt Coordinator:&nbsp;&nbsp; dr Anna Szumilewicz, PhD, associate professor of GUPES&nbsp; anna.szumilewicz@awf.gda.pl&nbsp; tel. + 48 &#8230;<\/p>\n","protected":false},"author":1,"featured_media":0,"parent":0,"menu_order":0,"comment_status":"closed","ping_status":"closed","template":"","meta":{"footnotes":""},"class_list":["post-35","page","type-page","status-publish","hentry"],"translation":{"provider":"WPGlobus","version":"3.0.2","language":"en","enabled_languages":["pl","en"],"languages":{"pl":{"title":true,"content":true,"excerpt":false},"en":{"title":true,"content":true,"excerpt":false}}},"yoast_head":"<!-- This site is optimized with the Yoast SEO plugin v27.4 - https:\/\/yoast.com\/product\/yoast-seo-wordpress\/ -->\n<title>CONTACT -<\/title>\n<meta name=\"robots\" content=\"index, follow, max-snippet:-1, max-image-preview:large, max-video-preview:-1\" \/>\n<link rel=\"canonical\" href=\"https:\/\/neppe.awfis.net\/kontakt\/\" \/>\n<meta property=\"og:locale\" content=\"en_US\" \/>\n<meta property=\"og:type\" content=\"article\" \/>\n<meta property=\"og:title\" content=\"CONTACT -\" \/>\n<meta property=\"og:url\" content=\"https:\/\/neppe.awfis.net\/kontakt\/\" \/>\n<meta property=\"article:modified_time\" content=\"2022-11-15T16:56:21+00:00\" \/>\n<meta property=\"og:image\" content=\"https:\/\/neppe.awfis.net\/wp-content\/uploads\/2021\/12\/logo_PO_WER_wersja_polska.jpg\" \/>\n<meta name=\"twitter:card\" content=\"summary_large_image\" \/>\n<meta name=\"twitter:label1\" content=\"Est. reading time\" \/>\n\t<meta name=\"twitter:data1\" content=\"1 minute\" \/>\n<script type=\"application\/ld+json\" class=\"yoast-schema-graph\">{\"@context\":\"https:\\\/\\\/schema.org\",\"@graph\":[{\"@type\":\"WebPage\",\"@id\":\"https:\\\/\\\/neppe.awfis.net\\\/kontakt\\\/\",\"url\":\"https:\\\/\\\/neppe.awfis.net\\\/kontakt\\\/\",\"name\":\"CONTACT -\",\"isPartOf\":{\"@id\":\"https:\\\/\\\/neppe.awfis.net\\\/#website\"},\"primaryImageOfPage\":{\"@id\":\"https:\\\/\\\/neppe.awfis.net\\\/kontakt\\\/#primaryimage\"},\"image\":{\"@id\":\"https:\\\/\\\/neppe.awfis.net\\\/kontakt\\\/#primaryimage\"},\"thumbnailUrl\":\"https:\\\/\\\/neppe.awfis.net\\\/wp-content\\\/uploads\\\/2021\\\/12\\\/logo_PO_WER_wersja_polska.jpg\",\"datePublished\":\"2021-12-28T16:10:08+00:00\",\"dateModified\":\"2022-11-15T16:56:21+00:00\",\"breadcrumb\":{\"@id\":\"https:\\\/\\\/neppe.awfis.net\\\/kontakt\\\/#breadcrumb\"},\"inLanguage\":\"en-US\",\"potentialAction\":[{\"@type\":\"ReadAction\",\"target\":[\"https:\\\/\\\/neppe.awfis.net\\\/kontakt\\\/\"]}]},{\"@type\":\"ImageObject\",\"inLanguage\":\"en-US\",\"@id\":\"https:\\\/\\\/neppe.awfis.net\\\/kontakt\\\/#primaryimage\",\"url\":\"https:\\\/\\\/neppe.awfis.net\\\/wp-content\\\/uploads\\\/2021\\\/12\\\/logo_PO_WER_wersja_polska.jpg\",\"contentUrl\":\"https:\\\/\\\/neppe.awfis.net\\\/wp-content\\\/uploads\\\/2021\\\/12\\\/logo_PO_WER_wersja_polska.jpg\"},{\"@type\":\"BreadcrumbList\",\"@id\":\"https:\\\/\\\/neppe.awfis.net\\\/kontakt\\\/#breadcrumb\",\"itemListElement\":[{\"@type\":\"ListItem\",\"position\":1,\"name\":\"Strona g\u0142\u00f3wna\",\"item\":\"https:\\\/\\\/neppe.awfis.net\\\/\"},{\"@type\":\"ListItem\",\"position\":2,\"name\":\"Kontakt\"}]},{\"@type\":\"WebSite\",\"@id\":\"https:\\\/\\\/neppe.awfis.net\\\/#website\",\"url\":\"https:\\\/\\\/neppe.awfis.net\\\/\",\"name\":\"\",\"description\":\"\",\"potentialAction\":[{\"@type\":\"SearchAction\",\"target\":{\"@type\":\"EntryPoint\",\"urlTemplate\":\"https:\\\/\\\/neppe.awfis.net\\\/?s={search_term_string}\"},\"query-input\":{\"@type\":\"PropertyValueSpecification\",\"valueRequired\":true,\"valueName\":\"search_term_string\"}}],\"inLanguage\":\"en-US\"}]}<\/script>\n<!-- \/ Yoast SEO plugin. -->","yoast_head_json":{"title":"CONTACT -","robots":{"index":"index","follow":"follow","max-snippet":"max-snippet:-1","max-image-preview":"max-image-preview:large","max-video-preview":"max-video-preview:-1"},"canonical":"https:\/\/neppe.awfis.net\/kontakt\/","og_locale":"en_US","og_type":"article","og_title":"CONTACT -","og_url":"https:\/\/neppe.awfis.net\/kontakt\/","article_modified_time":"2022-11-15T16:56:21+00:00","og_image":[{"url":"https:\/\/neppe.awfis.net\/wp-content\/uploads\/2021\/12\/logo_PO_WER_wersja_polska.jpg","type":"","width":"","height":""}],"twitter_card":"summary_large_image","twitter_misc":{"Est. reading time":"1 minute"},"schema":{"@context":"https:\/\/schema.org","@graph":[{"@type":"WebPage","@id":"https:\/\/neppe.awfis.net\/kontakt\/","url":"https:\/\/neppe.awfis.net\/kontakt\/","name":"CONTACT -","isPartOf":{"@id":"https:\/\/neppe.awfis.net\/#website"},"primaryImageOfPage":{"@id":"https:\/\/neppe.awfis.net\/kontakt\/#primaryimage"},"image":{"@id":"https:\/\/neppe.awfis.net\/kontakt\/#primaryimage"},"thumbnailUrl":"https:\/\/neppe.awfis.net\/wp-content\/uploads\/2021\/12\/logo_PO_WER_wersja_polska.jpg","datePublished":"2021-12-28T16:10:08+00:00","dateModified":"2022-11-15T16:56:21+00:00","breadcrumb":{"@id":"https:\/\/neppe.awfis.net\/kontakt\/#breadcrumb"},"inLanguage":"en-US","potentialAction":[{"@type":"ReadAction","target":["https:\/\/neppe.awfis.net\/kontakt\/"]}]},{"@type":"ImageObject","inLanguage":"en-US","@id":"https:\/\/neppe.awfis.net\/kontakt\/#primaryimage","url":"https:\/\/neppe.awfis.net\/wp-content\/uploads\/2021\/12\/logo_PO_WER_wersja_polska.jpg","contentUrl":"https:\/\/neppe.awfis.net\/wp-content\/uploads\/2021\/12\/logo_PO_WER_wersja_polska.jpg"},{"@type":"BreadcrumbList","@id":"https:\/\/neppe.awfis.net\/kontakt\/#breadcrumb","itemListElement":[{"@type":"ListItem","position":1,"name":"Strona g\u0142\u00f3wna","item":"https:\/\/neppe.awfis.net\/"},{"@type":"ListItem","position":2,"name":"Kontakt"}]},{"@type":"WebSite","@id":"https:\/\/neppe.awfis.net\/#website","url":"https:\/\/neppe.awfis.net\/","name":"","description":"","potentialAction":[{"@type":"SearchAction","target":{"@type":"EntryPoint","urlTemplate":"https:\/\/neppe.awfis.net\/?s={search_term_string}"},"query-input":{"@type":"PropertyValueSpecification","valueRequired":true,"valueName":"search_term_string"}}],"inLanguage":"en-US"}]}},"_links":{"self":[{"href":"https:\/\/neppe.awfis.net\/en\/wp-json\/wp\/v2\/pages\/35","targetHints":{"allow":["GET"]}}],"collection":[{"href":"https:\/\/neppe.awfis.net\/en\/wp-json\/wp\/v2\/pages"}],"about":[{"href":"https:\/\/neppe.awfis.net\/en\/wp-json\/wp\/v2\/types\/page"}],"author":[{"embeddable":true,"href":"https:\/\/neppe.awfis.net\/en\/wp-json\/wp\/v2\/users\/1"}],"replies":[{"embeddable":true,"href":"https:\/\/neppe.awfis.net\/en\/wp-json\/wp\/v2\/comments?post=35"}],"version-history":[{"count":19,"href":"https:\/\/neppe.awfis.net\/en\/wp-json\/wp\/v2\/pages\/35\/revisions"}],"predecessor-version":[{"id":1051,"href":"https:\/\/neppe.awfis.net\/en\/wp-json\/wp\/v2\/pages\/35\/revisions\/1051"}],"wp:attachment":[{"href":"https:\/\/neppe.awfis.net\/en\/wp-json\/wp\/v2\/media?parent=35"}],"curies":[{"name":"wp","href":"https:\/\/api.w.org\/{rel}","templated":true}]}}